{"id":153,"date":"2021-03-10T12:32:01","date_gmt":"2021-03-10T12:32:01","guid":{"rendered":"https:\/\/linaslapenas.lt\/?page_id=153"},"modified":"2021-03-10T12:38:48","modified_gmt":"2021-03-10T12:38:48","slug":"paslaugos","status":"publish","type":"page","link":"https:\/\/linaslapenas.lt\/index.php\/paslaugos\/","title":{"rendered":"Paslaugos"},"content":{"rendered":"\t\t<div data-elementor-type=\"wp-page\" data-elementor-id=\"153\" class=\"elementor elementor-153\" data-elementor-settings=\"[]\">\n\t\t\t\t\t\t<div class=\"elementor-inner\">\n\t\t\t\t\t\t\t<div class=\"elementor-section-wrap\">\n\t\t\t\t\t\t\t<section class=\"elementor-section elementor-top-section elementor-element elementor-element-45135bc0 elementor-section-boxed elementor-section-height-default elementor-section-height-default\" data-id=\"45135bc0\" data-element_type=\"section\" data-settings=\"{&quot;background_background&quot;:&quot;classic&quot;}\">\n\t\t\t\t\t\t<div class=\"elementor-container elementor-column-gap-default\">\n\t\t\t\t\t\t\t<div class=\"elementor-row\">\n\t\t\t\t\t<div class=\"elementor-column elementor-col-100 elementor-top-column elementor-element elementor-element-6e09961d\" data-id=\"6e09961d\" data-element_type=\"column\">\n\t\t\t<div class=\"elementor-column-wrap elementor-element-populated\">\n\t\t\t\t\t\t\t<div class=\"elementor-widget-wrap\">\n\t\t\t\t\t\t<section class=\"elementor-section elementor-inner-section elementor-element elementor-element-159781b1 elementor-section-boxed elementor-section-height-default elementor-section-height-default\" data-id=\"159781b1\" data-element_type=\"section\" data-settings=\"{&quot;background_background&quot;:&quot;classic&quot;}\">\n\t\t\t\t\t\t<div class=\"elementor-container elementor-column-gap-default\">\n\t\t\t\t\t\t\t<div class=\"elementor-row\">\n\t\t\t\t\t<div class=\"elementor-column elementor-col-50 elementor-inner-column elementor-element elementor-element-474f9c3b elementor-invisible\" data-id=\"474f9c3b\" data-element_type=\"column\" data-settings=\"{&quot;animation&quot;:&quot;fadeInUp&quot;}\">\n\t\t\t<div class=\"elementor-column-wrap elementor-element-populated\">\n\t\t\t\t\t\t\t<div class=\"elementor-widget-wrap\">\n\t\t\t\t\t\t<div class=\"elementor-element elementor-element-3fae8358 elementor-widget elementor-widget-spacer\" data-id=\"3fae8358\" data-element_type=\"widget\" data-widget_type=\"spacer.default\">\n\t\t\t\t<div class=\"elementor-widget-container\">\n\t\t\t\t\t<div class=\"elementor-spacer\">\n\t\t\t<div class=\"elementor-spacer-inner\"><\/div>\n\t\t<\/div>\n\t\t\t\t<\/div>\n\t\t\t\t<\/div>\n\t\t\t\t<div class=\"elementor-element elementor-element-3228bd01 elementor-widget elementor-widget-heading\" data-id=\"3228bd01\" data-element_type=\"widget\" data-widget_type=\"heading.default\">\n\t\t\t\t<div class=\"elementor-widget-container\">\n\t\t\t<h1 class=\"elementor-heading-title elementor-size-default\">Paslaugos<\/h1>\t\t<\/div>\n\t\t\t\t<\/div>\n\t\t\t\t<div class=\"elementor-element elementor-element-71916920 elementor-widget elementor-widget-spacer\" data-id=\"71916920\" data-element_type=\"widget\" data-widget_type=\"spacer.default\">\n\t\t\t\t<div class=\"elementor-widget-container\">\n\t\t\t\t\t<div class=\"elementor-spacer\">\n\t\t\t<div class=\"elementor-spacer-inner\"><\/div>\n\t\t<\/div>\n\t\t\t\t<\/div>\n\t\t\t\t<\/div>\n\t\t\t\t<div class=\"elementor-element elementor-element-a4e0b33 elementor-icon-list--layout-traditional elementor-list-item-link-full_width elementor-widget elementor-widget-icon-list\" data-id=\"a4e0b33\" data-element_type=\"widget\" data-widget_type=\"icon-list.default\">\n\t\t\t\t<div class=\"elementor-widget-container\">\n\t\t\t\t\t<ul class=\"elementor-icon-list-items\">\n\t\t\t\t\t\t\t<li class=\"elementor-icon-list-item\">\n\t\t\t\t\t\t\t\t\t\t\t<span class=\"elementor-icon-list-icon\">\n\t\t\t\t\t\t\t<i aria-hidden=\"true\" class=\"fas fa-certificate\"><\/i>\t\t\t\t\t\t<\/span>\n\t\t\t\t\t\t\t\t\t\t<span class=\"elementor-icon-list-text\">Vestuvi\u0173 vedimas visoje Lietuvoje ir u\u017esienyje<\/span>\n\t\t\t\t\t\t\t\t\t<\/li>\n\t\t\t\t\t\t\t\t<li class=\"elementor-icon-list-item\">\n\t\t\t\t\t\t\t\t\t\t\t<span class=\"elementor-icon-list-icon\">\n\t\t\t\t\t\t\t<i aria-hidden=\"true\" class=\"fas fa-certificate\"><\/i>\t\t\t\t\t\t<\/span>\n\t\t\t\t\t\t\t\t\t\t<span class=\"elementor-icon-list-text\">Vestuvi\u0173 organizavimas ( Lietuvoje ir u\u017esienyje )<\/span>\n\t\t\t\t\t\t\t\t\t<\/li>\n\t\t\t\t\t\t\t\t<li class=\"elementor-icon-list-item\">\n\t\t\t\t\t\t\t\t\t\t\t<span class=\"elementor-icon-list-icon\">\n\t\t\t\t\t\t\t<i aria-hidden=\"true\" class=\"fas fa-certificate\"><\/i>\t\t\t\t\t\t<\/span>\n\t\t\t\t\t\t\t\t\t\t<span class=\"elementor-icon-list-text\">Konsultacijos planuojant vestuves<\/span>\n\t\t\t\t\t\t\t\t\t<\/li>\n\t\t\t\t\t\t\t\t<li class=\"elementor-icon-list-item\">\n\t\t\t\t\t\t\t\t\t\t\t<span class=\"elementor-icon-list-icon\">\n\t\t\t\t\t\t\t<i aria-hidden=\"true\" class=\"fas fa-certificate\"><\/i>\t\t\t\t\t\t<\/span>\n\t\t\t\t\t\t\t\t\t\t<span class=\"elementor-icon-list-text\">\u012emoni\u0173 s\u0105skryd\u017ei\u0173 ir kal\u0117dini\u0173 rengini\u0173 organizavimas bei vedimas<\/span>\n\t\t\t\t\t\t\t\t\t<\/li>\n\t\t\t\t\t\t\t\t<li class=\"elementor-icon-list-item\">\n\t\t\t\t\t\t\t\t\t\t\t<span class=\"elementor-icon-list-icon\">\n\t\t\t\t\t\t\t<i aria-hidden=\"true\" class=\"fas fa-certificate\"><\/i>\t\t\t\t\t\t<\/span>\n\t\t\t\t\t\t\t\t\t\t<span class=\"elementor-icon-list-text\">Asmenini\u0173 \u0161ven\u010di\u0173 organizavimas ir vedimas<\/span>\n\t\t\t\t\t\t\t\t\t<\/li>\n\t\t\t\t\t\t\t\t<li class=\"elementor-icon-list-item\">\n\t\t\t\t\t\t\t\t\t\t\t<span class=\"elementor-icon-list-icon\">\n\t\t\t\t\t\t\t<i aria-hidden=\"true\" class=\"fas fa-certificate\"><\/i>\t\t\t\t\t\t<\/span>\n\t\t\t\t\t\t\t\t\t\t<span class=\"elementor-icon-list-text\">Atidarym\u0173, produkt\u0173 bei \u017eenkl\u0173 pristatym\u0173 organizavimas ir vedimas<\/span>\n\t\t\t\t\t\t\t\t\t<\/li>\n\t\t\t\t\t\t\t\t<li class=\"elementor-icon-list-item\">\n\t\t\t\t\t\t\t\t\t\t\t<span class=\"elementor-icon-list-icon\">\n\t\t\t\t\t\t\t<i aria-hidden=\"true\" class=\"fas fa-certificate\"><\/i>\t\t\t\t\t\t<\/span>\n\t\t\t\t\t\t\t\t\t\t<span class=\"elementor-icon-list-text\">Oficiali\u0173 rengini\u0173 ar apdovanojim\u0173  organizavimas ir vedimas<\/span>\n\t\t\t\t\t\t\t\t\t<\/li>\n\t\t\t\t\t\t\t\t<li class=\"elementor-icon-list-item\">\n\t\t\t\t\t\t\t\t\t\t\t<span class=\"elementor-icon-list-icon\">\n\t\t\t\t\t\t\t<i aria-hidden=\"true\" class=\"fas fa-certificate\"><\/i>\t\t\t\t\t\t<\/span>\n\t\t\t\t\t\t\t\t\t\t<span class=\"elementor-icon-list-text\">Garso ir ap\u0161vietimo \u012frangos nuoma<\/span>\n\t\t\t\t\t\t\t\t\t<\/li>\n\t\t\t\t\t\t\t\t<li class=\"elementor-icon-list-item\">\n\t\t\t\t\t\t\t\t\t\t\t<span class=\"elementor-icon-list-icon\">\n\t\t\t\t\t\t\t<i aria-hidden=\"true\" class=\"fas fa-certificate\"><\/i>\t\t\t\t\t\t<\/span>\n\t\t\t\t\t\t\t\t\t\t<span class=\"elementor-icon-list-text\">DJ paslaugos<\/span>\n\t\t\t\t\t\t\t\t\t<\/li>\n\t\t\t\t\t\t<\/ul>\n\t\t\t\t<\/div>\n\t\t\t\t<\/div>\n\t\t\t\t\t\t<\/div>\n\t\t\t\t\t<\/div>\n\t\t<\/div>\n\t\t\t\t<div class=\"elementor-column elementor-col-50 elementor-inner-column elementor-element elementor-element-524fb17 animated-slow elementor-invisible\" data-id=\"524fb17\" data-element_type=\"column\" data-settings=\"{&quot;animation&quot;:&quot;fadeInUp&quot;}\">\n\t\t\t<div class=\"elementor-column-wrap elementor-element-populated\">\n\t\t\t\t\t\t\t<div class=\"elementor-widget-wrap\">\n\t\t\t\t\t\t<div class=\"elementor-element elementor-element-63e752b7 elementor-widget elementor-widget-image\" data-id=\"63e752b7\" data-element_type=\"widget\" data-widget_type=\"image.default\">\n\t\t\t\t<div class=\"elementor-widget-container\">\n\t\t\t\t\t<div class=\"elementor-image\">\n\t\t\t\t\t\t\t\t\t\t<img decoding=\"async\" src=\"https:\/\/linaslapenas.lt\/wp-content\/uploads\/elementor\/thumbs\/53742552_609729339472221_2639786423103782912_n-p40go78z9glc7727cnsnttqjalxa322c41c3xl15yo.png\" title=\"53742552_609729339472221_2639786423103782912_n\" alt=\"53742552_609729339472221_2639786423103782912_n\" \/>\t\t\t\t\t\t\t\t\t\t\t<\/div>\n\t\t\t\t<\/div>\n\t\t\t\t<\/div>\n\t\t\t\t\t\t<\/div>\n\t\t\t\t\t<\/div>\n\t\t<\/div>\n\t\t\t\t\t\t\t\t<\/div>\n\t\t\t\t\t<\/div>\n\t\t<\/section>\n\t\t\t\t<div class=\"elementor-element elementor-element-5db2c1b elementor-widget elementor-widget-spacer\" data-id=\"5db2c1b\" data-element_type=\"widget\" data-widget_type=\"spacer.default\">\n\t\t\t\t<div class=\"elementor-widget-container\">\n\t\t\t\t\t<div class=\"elementor-spacer\">\n\t\t\t<div class=\"elementor-spacer-inner\"><\/div>\n\t\t<\/div>\n\t\t\t\t<\/div>\n\t\t\t\t<\/div>\n\t\t\t\t\t\t<\/div>\n\t\t\t\t\t<\/div>\n\t\t<\/div>\n\t\t\t\t\t\t\t\t<\/div>\n\t\t\t\t\t<\/div>\n\t\t<\/section>\n\t\t\t\t\t\t<\/div>\n\t\t\t\t\t\t<\/div>\n\t\t\t\t\t<\/div>\n\t\t","protected":false},"excerpt":{"rendered":"<p>Paslaugos Vestuvi\u0173 vedimas visoje Lietuvoje ir u\u017esienyje Vestuvi\u0173 organizavimas ( Lietuvoje ir u\u017esienyje ) Konsultacijos planuojant vestuves \u012emoni\u0173 s\u0105skryd\u017ei\u0173 ir kal\u0117dini\u0173 rengini\u0173 organizavimas bei vedimas Asmenini\u0173 \u0161ven\u010di\u0173 organizavimas ir vedimas Atidarym\u0173, produkt\u0173 bei \u017eenkl\u0173 pristatym\u0173 organizavimas ir vedimas Oficiali\u0173 rengini\u0173 ar apdovanojim\u0173 organizavimas ir vedimas Garso ir ap\u0161vietimo \u012frangos nuoma DJ paslaugos<\/p>\n","protected":false},"author":1,"featured_media":0,"parent":0,"menu_order":0,"comment_status":"closed","ping_status":"closed","template":"elementor_header_footer","meta":{"footnotes":""},"class_list":["post-153","page","type-page","status-publish","hentry","entry"],"yoast_head":"<!-- This site is optimized with the Yoast SEO plugin v16.0 - https:\/\/yoast.com\/wordpress\/plugins\/seo\/ -->\n<title>Paslaugos - Rengini\u0173 ved\u0117jas Linas Lap\u0117nas<\/title>\n<link rel=\"canonical\" href=\"https:\/\/linaslapenas.lt\/index.php\/paslaugos\/\" \/>\n<meta property=\"og:locale\" content=\"en_US\" \/>\n<meta property=\"og:type\" content=\"article\" \/>\n<meta property=\"og:title\" content=\"Paslaugos - Rengini\u0173 ved\u0117jas Linas Lap\u0117nas\" \/>\n<meta property=\"og:description\" content=\"Paslaugos Vestuvi\u0173 vedimas visoje Lietuvoje ir u\u017esienyje Vestuvi\u0173 organizavimas ( Lietuvoje ir u\u017esienyje ) Konsultacijos planuojant vestuves \u012emoni\u0173 s\u0105skryd\u017ei\u0173 ir kal\u0117dini\u0173 rengini\u0173 organizavimas bei vedimas Asmenini\u0173 \u0161ven\u010di\u0173 organizavimas ir vedimas Atidarym\u0173, produkt\u0173 bei \u017eenkl\u0173 pristatym\u0173 organizavimas ir vedimas Oficiali\u0173 rengini\u0173 ar apdovanojim\u0173 organizavimas ir vedimas Garso ir ap\u0161vietimo \u012frangos nuoma DJ paslaugos\" \/>\n<meta property=\"og:url\" content=\"https:\/\/linaslapenas.lt\/index.php\/paslaugos\/\" \/>\n<meta property=\"og:site_name\" content=\"Rengini\u0173 ved\u0117jas Linas Lap\u0117nas\" \/>\n<meta property=\"article:modified_time\" content=\"2021-03-10T12:38:48+00:00\" \/>\n<meta property=\"og:image\" content=\"https:\/\/linaslapenas.lt\/wp-content\/uploads\/elementor\/thumbs\/53742552_609729339472221_2639786423103782912_n-p40go78z9glc7727cnsnttqjalxa322c41c3xl15yo.png\" \/>\n<meta name=\"twitter:card\" content=\"summary_large_image\" \/>\n<meta name=\"twitter:label1\" content=\"Est. reading time\">\n\t<meta name=\"twitter:data1\" content=\"1 minute\">\n<script type=\"application\/ld+json\" class=\"yoast-schema-graph\">{\"@context\":\"https:\/\/schema.org\",\"@graph\":[{\"@type\":\"WebSite\",\"@id\":\"https:\/\/linaslapenas.lt\/#website\",\"url\":\"https:\/\/linaslapenas.lt\/\",\"name\":\"Rengini\\u0173 ved\\u0117jas Linas Lap\\u0117nas\",\"description\":\"TIKR\\u0172 EMOCIJ\\u0172 NESUVAIDINSI\",\"potentialAction\":[{\"@type\":\"SearchAction\",\"target\":\"https:\/\/linaslapenas.lt\/?s={search_term_string}\",\"query-input\":\"required name=search_term_string\"}],\"inLanguage\":\"en-US\"},{\"@type\":\"ImageObject\",\"@id\":\"https:\/\/linaslapenas.lt\/index.php\/paslaugos\/#primaryimage\",\"inLanguage\":\"en-US\",\"url\":\"https:\/\/linaslapenas.lt\/wp-content\/uploads\/elementor\/thumbs\/53742552_609729339472221_2639786423103782912_n-p40go78z9glc7727cnsnttqjalxa322c41c3xl15yo.png\"},{\"@type\":\"WebPage\",\"@id\":\"https:\/\/linaslapenas.lt\/index.php\/paslaugos\/#webpage\",\"url\":\"https:\/\/linaslapenas.lt\/index.php\/paslaugos\/\",\"name\":\"Paslaugos - Rengini\\u0173 ved\\u0117jas Linas Lap\\u0117nas\",\"isPartOf\":{\"@id\":\"https:\/\/linaslapenas.lt\/#website\"},\"primaryImageOfPage\":{\"@id\":\"https:\/\/linaslapenas.lt\/index.php\/paslaugos\/#primaryimage\"},\"datePublished\":\"2021-03-10T12:32:01+00:00\",\"dateModified\":\"2021-03-10T12:38:48+00:00\",\"breadcrumb\":{\"@id\":\"https:\/\/linaslapenas.lt\/index.php\/paslaugos\/#breadcrumb\"},\"inLanguage\":\"en-US\",\"potentialAction\":[{\"@type\":\"ReadAction\",\"target\":[\"https:\/\/linaslapenas.lt\/index.php\/paslaugos\/\"]}]},{\"@type\":\"BreadcrumbList\",\"@id\":\"https:\/\/linaslapenas.lt\/index.php\/paslaugos\/#breadcrumb\",\"itemListElement\":[{\"@type\":\"ListItem\",\"position\":1,\"item\":{\"@type\":\"WebPage\",\"@id\":\"https:\/\/linaslapenas.lt\/\",\"url\":\"https:\/\/linaslapenas.lt\/\",\"name\":\"Home\"}},{\"@type\":\"ListItem\",\"position\":2,\"item\":{\"@type\":\"WebPage\",\"@id\":\"https:\/\/linaslapenas.lt\/index.php\/paslaugos\/\",\"url\":\"https:\/\/linaslapenas.lt\/index.php\/paslaugos\/\",\"name\":\"Paslaugos\"}}]}]}<\/script>\n<!-- \/ Yoast SEO plugin. -->","_links":{"self":[{"href":"https:\/\/linaslapenas.lt\/index.php\/wp-json\/wp\/v2\/pages\/153","targetHints":{"allow":["GET"]}}],"collection":[{"href":"https:\/\/linaslapenas.lt\/index.php\/wp-json\/wp\/v2\/pages"}],"about":[{"href":"https:\/\/linaslapenas.lt\/index.php\/wp-json\/wp\/v2\/types\/page"}],"author":[{"embeddable":true,"href":"https:\/\/linaslapenas.lt\/index.php\/wp-json\/wp\/v2\/users\/1"}],"replies":[{"embeddable":true,"href":"https:\/\/linaslapenas.lt\/index.php\/wp-json\/wp\/v2\/comments?post=153"}],"version-history":[{"count":16,"href":"https:\/\/linaslapenas.lt\/index.php\/wp-json\/wp\/v2\/pages\/153\/revisions"}],"predecessor-version":[{"id":174,"href":"https:\/\/linaslapenas.lt\/index.php\/wp-json\/wp\/v2\/pages\/153\/revisions\/174"}],"wp:attachment":[{"href":"https:\/\/linaslapenas.lt\/index.php\/wp-json\/wp\/v2\/media?parent=153"}],"curies":[{"name":"wp","href":"https:\/\/api.w.org\/{rel}","templated":true}]}}